{"id":940,"date":"2022-07-11T19:25:09","date_gmt":"2022-07-11T23:25:09","guid":{"rendered":"https:\/\/fnii.ca\/?page_id=940"},"modified":"2022-07-18T15:30:39","modified_gmt":"2022-07-18T19:30:39","slug":"a-propos-de-nous","status":"publish","type":"page","link":"https:\/\/fnii.ca\/fr\/a-propos-de-nous\/","title":{"rendered":"\u00c0 propos de nous"},"content":{"rendered":"<h3>Notre mission<\/h3>\n<p>Fournir les comp\u00e9tences et les processus n\u00e9cessaires pour que les communaut\u00e9s des Premi\u00e8res Nations et les organisations autochtones puissent planifier, acqu\u00e9rir, poss\u00e9der et g\u00e9rer, de mani\u00e8re efficace et rentable, les infrastructures sur leurs terres.<\/p>\n<p><strong>L\u2019Institut des infrastructures des Premi\u00e8res Nations (IIPN) sera un organisme \u00e0 participation facultative qui suivra l\u2019exemple de ses pr\u00e9d\u00e9cesseurs <\/strong><\/p>\n<p>L\u2019IIPN sera cr\u00e9\u00e9 par des modifications apport\u00e9es \u00e0 la <em>Loi sur la gestion financi\u00e8re des premi\u00e8res<\/em> <em>nations<\/em> (LGFPN). L\u2019Institut s\u2019appuie sur le succ\u00e8s de ses institutions partenaires, le <a href=\"https:\/\/fnfmb.com\/fr\">Conseil de gestion financi\u00e8re des premi\u00e8res nations<\/a>, l\u2019<a href=\"https:\/\/www.fnfa.ca\/fr\/\">Administration financi\u00e8re des premi\u00e8res nations<\/a>&nbsp;et la <a href=\"https:\/\/fntc.ca\/fr\">Commission de la fiscalit\u00e9 des premi\u00e8res nations<\/a>&nbsp;qui fournissent des services et de l\u2019expertise \u00e0 plus de 300 Premi\u00e8res Nations au Canada.<\/p>\n<hr>\n<h3>Notre approche<\/h3>\n<ul>\n<li><strong>Dirig\u00e9 par les Autochtones.<\/strong> Organisme dirig\u00e9 par les Autochtones qui s\u2019emploie \u00e0 r\u00e9aliser des infrastructures appartenant aux Autochtones et contr\u00f4l\u00e9es par eux.<\/li>\n<li><strong>D\u00e9di\u00e9 aux infrastructures.<\/strong> Organisme vou\u00e9 \u00e0 aider les Premi\u00e8res Nations \u00e0 planifier, \u00e0 r\u00e9aliser et \u00e0 g\u00e9rer leurs infrastructures.<\/li>\n<li><strong>Fondement l\u00e9gislatif.<\/strong> Cr\u00e9er l\u2019IIPN par voie l\u00e9gislative assurera l\u2019harmonisation des outils de financement public sous le r\u00e9gime de la Loi sur la gestion financi\u00e8re des premi\u00e8res nations (LGFPN).<\/li>\n<li><strong>Pratiques exemplaires normalis\u00e9es.<\/strong> L\u2019IIPN utilise les pratiques exemplaires nationales et internationales pour la gestion des risques en ayant recours \u00e0 des processus rigoureux de planification, d\u2019approvisionnement et de gestion.<\/li>\n<li><strong>Centre d\u2019excellence.<\/strong> Centre d\u2019excellence national consacr\u00e9 aux infrastructures qui travaillera avec les Premi\u00e8res Nations et les organisations autochtones et leur transf\u00e9rera des connaissances.<\/li>\n<\/ul>\n<hr>\n<h3>Pourquoi un Institut des infrastructures des Premi\u00e8res Nations?<\/h3>\n<p>Des infrastructures publiques de qualit\u00e9 sup\u00e9rieure sont essentielles \u00e0 la sant\u00e9 et \u00e0 la durabilit\u00e9 de toutes les collectivit\u00e9s, y compris les collectivit\u00e9s autochtones.<\/p>\n<p>Malheureusement, les r\u00e9sultats des infrastructures autochtones sont tr\u00e8s m\u00e9diocres dans le cadre de l\u2019approche actuelle. La documentation, les \u00e9tudes et les reportages des m\u00e9dias d\u00e9montrent que les infrastructures autochtones prennent plus de temps \u00e0 d\u00e9velopper, co\u00fbtent plus cher et ont des cycles de vie op\u00e9rationnels plus courts que les infrastructures comparables d\u00e9velopp\u00e9es par d\u2019autres gouvernements.<\/p>\n<p>L\u2019Institut des infrastructures des Premi\u00e8res Nations (IIPN) est une initiative men\u00e9e par les Autochtones qui aidera \u00e0 obtenir de meilleurs r\u00e9sultats en mati\u00e8re d\u2019infrastructures autochtones. Les projets d\u2019infrastructure qui satisfont aux normes de l\u2019IIPN feront comprendre aux membres, aux pr\u00eateurs, aux bailleurs de fonds et aux partenaires que le degr\u00e9 de diligence raisonnable exerc\u00e9 dans le projet est conforme aux pratiques exemplaires.<\/p>\n","protected":false},"excerpt":{"rendered":"<p>Notre mission Fournir les comp\u00e9tences et les processus n\u00e9cessaires pour que les communaut\u00e9s des Premi\u00e8res Nations et les organisations autochtones puissent planifier, acqu\u00e9rir, poss\u00e9der et g\u00e9rer, de mani\u00e8re efficace et rentable, les infrastructures sur leurs terres. L\u2019Institut des infrastructures des Premi\u00e8res Nations (IIPN) sera un organisme \u00e0 participation facultative qui suivra l\u2019exemple de ses pr\u00e9d\u00e9cesseurs [&hellip;]<\/p>\n","protected":false},"author":3,"featured_media":0,"parent":0,"menu_order":0,"comment_status":"open","ping_status":"open","template":"","meta":{"_acf_changed":false,"footnotes":""},"class_list":["post-940","page","type-page","status-publish","hentry"],"acf":[],"_links":{"self":[{"href":"https:\/\/fnii.ca\/fr\/wp-json\/wp\/v2\/pages\/940","targetHints":{"allow":["GET"]}}],"collection":[{"href":"https:\/\/fnii.ca\/fr\/wp-json\/wp\/v2\/pages"}],"about":[{"href":"https:\/\/fnii.ca\/fr\/wp-json\/wp\/v2\/types\/page"}],"author":[{"embeddable":true,"href":"https:\/\/fnii.ca\/fr\/wp-json\/wp\/v2\/users\/3"}],"replies":[{"embeddable":true,"href":"https:\/\/fnii.ca\/fr\/wp-json\/wp\/v2\/comments?post=940"}],"version-history":[{"count":33,"href":"https:\/\/fnii.ca\/fr\/wp-json\/wp\/v2\/pages\/940\/revisions"}],"predecessor-version":[{"id":1118,"href":"https:\/\/fnii.ca\/fr\/wp-json\/wp\/v2\/pages\/940\/revisions\/1118"}],"wp:attachment":[{"href":"https:\/\/fnii.ca\/fr\/wp-json\/wp\/v2\/media?parent=940"}],"curies":[{"name":"wp","href":"https:\/\/api.w.org\/{rel}","templated":true}]}}