{"id":919,"date":"2022-06-03T06:13:10","date_gmt":"2022-06-03T10:13:10","guid":{"rendered":"https:\/\/fnii.ca\/?page_id=919"},"modified":"2025-05-01T20:26:40","modified_gmt":"2025-05-02T00:26:40","slug":"ressources","status":"publish","type":"page","link":"https:\/\/fnii.ca\/fr\/ressources\/","title":{"rendered":"Ressources"},"content":{"rendered":"\t\t<div data-elementor-type=\"wp-page\" data-elementor-id=\"919\" class=\"elementor elementor-919 elementor-724\" data-elementor-post-type=\"page\">\n\t\t\t\t\t\t<section class=\"elementor-section elementor-top-section elementor-element elementor-element-29a8425d elementor-section-boxed elementor-section-height-default elementor-section-height-default\" data-id=\"29a8425d\" data-element_type=\"section\" data-e-type=\"section\" data-settings=\"{&quot;jet_parallax_layout_list&quot;:[]}\">\n\t\t\t\t\t\t<div class=\"elementor-container elementor-column-gap-default\">\n\t\t\t\t\t<div class=\"elementor-column elementor-col-100 elementor-top-column elementor-element elementor-element-3c3a1ce1\" data-id=\"3c3a1ce1\" data-element_type=\"column\" data-e-type=\"column\">\n\t\t\t<div class=\"elementor-widget-wrap elementor-element-populated\">\n\t\t\t\t\t\t<div class=\"elementor-element elementor-element-2b1483e7 elementor-widget elementor-widget-text-editor\" data-id=\"2b1483e7\" data-element_type=\"widget\" data-e-type=\"widget\" data-widget_type=\"text-editor.default\">\n\t\t\t\t<div class=\"elementor-widget-container\">\n\t\t\t\t\t\t\t\t\t<h4>INTRODUCTION \u00c0 FNII<\/h4><p><a href=\"https:\/\/fnii.ca\/wp-content\/uploads\/2025\/01\/Introduction-to-FNII-FR.pdf\"><span data-contrast=\"auto\">Introduction \u00e0 l\u2019IIPN<\/span><span data-ccp-props=\"{&quot;134233279&quot;:true,&quot;201341983&quot;:0,&quot;335551550&quot;:6,&quot;335551620&quot;:6,&quot;335559740&quot;:240}\">\u00a0<\/span><\/a><\/p><p><span data-contrast=\"auto\">D\u00e9crit la mission, la d\u00e9marche et les processus de l\u2019Institut.<\/span><span data-ccp-props=\"{&quot;134233279&quot;:true,&quot;201341983&quot;:0,&quot;335551550&quot;:6,&quot;335551620&quot;:6,&quot;335559740&quot;:240}\">\u00a0<\/span><\/p><p><a href=\"https:\/\/fnii.ca\/wp-content\/uploads\/2025\/01\/2024.11.05-Briefing-Note-track-changes-FR.pdf\" target=\"_blank\" rel=\"noreferrer noopener\" data-type=\"URL\">Note d&rsquo;information<\/a><\/p><p><span class=\"TextRun SCXW263524106 BCX8\" lang=\"FR-CA\" xml:lang=\"FR-CA\" data-contrast=\"auto\"><span class=\"NormalTextRun SCXW263524106 BCX8\">Fournit les motifs justifiant la cr\u00e9ation de <\/span><span class=\"NormalTextRun SCXW263524106 BCX8\">l\u2019<\/span><span class=\"NormalTextRun SCXW263524106 BCX8\">Institut des infrastructures des Premi\u00e8res<\/span><span class=\"NormalTextRun SCXW263524106 BCX8\">\u202f<\/span><span class=\"NormalTextRun SCXW263524106 BCX8\">Nations<\/span><span class=\"NormalTextRun SCXW263524106 BCX8\">,<\/span> <span class=\"NormalTextRun SCXW263524106 BCX8\">quatri\u00e8me <\/span><span class=\"NormalTextRun SCXW263524106 BCX8\">institution <\/span><span class=\"NormalTextRun SCXW263524106 BCX8\">issue<\/span> <span class=\"NormalTextRun SCXW263524106 BCX8\">de la <\/span><\/span><span class=\"TextRun SCXW263524106 BCX8\" lang=\"EN-CA\" xml:lang=\"EN-CA\" data-contrast=\"auto\"><span class=\"NormalTextRun SCXW263524106 BCX8\">Loi sur la gestion financi\u00e8re des premi\u00e8res nations<\/span><\/span><span class=\"TextRun SCXW263524106 BCX8\" lang=\"FR-CA\" xml:lang=\"FR-CA\" data-contrast=\"auto\"><span class=\"NormalTextRun SCXW263524106 BCX8\">. D<\/span><span class=\"NormalTextRun SCXW263524106 BCX8\">\u00e9crit les <\/span><span class=\"NormalTextRun SCXW263524106 BCX8\">f<\/span><span class=\"NormalTextRun SCXW263524106 BCX8\">o<\/span><span class=\"NormalTextRun SCXW263524106 BCX8\">nctions<\/span><span class=\"NormalTextRun SCXW263524106 BCX8\">, <\/span><span class=\"NormalTextRun SCXW263524106 BCX8\">les outil<\/span><span class=\"NormalTextRun SCXW263524106 BCX8\">s <\/span><span class=\"NormalTextRun SCXW263524106 BCX8\">et les <\/span><span class=\"NormalTextRun SCXW263524106 BCX8\">services <\/span><span class=\"NormalTextRun SCXW263524106 BCX8\">offerts par l\u2019IIPN pour soutenir le <\/span><span class=\"NormalTextRun SCXW263524106 BCX8\">d\u00e9veloppement des infrastructures<\/span><span class=\"NormalTextRun SCXW263524106 BCX8\">.<\/span><\/span><span class=\"EOP SCXW263524106 BCX8\" data-ccp-props=\"{&quot;134233279&quot;:true,&quot;201341983&quot;:0,&quot;335551550&quot;:6,&quot;335551620&quot;:6,&quot;335559740&quot;:240}\">\u00a0<\/span><\/p><p><a href=\"https:\/\/fnii.ca\/fr\/faq\/\"><span data-contrast=\"auto\">Foire aux questions<\/span><span data-ccp-props=\"{&quot;134233279&quot;:true,&quot;201341983&quot;:0,&quot;335551550&quot;:6,&quot;335551620&quot;:6,&quot;335559740&quot;:240}\">\u00a0<\/span><\/a><\/p><p><span data-contrast=\"auto\">R\u00e9pond aux questions courantes sur l\u2019Institut, qui portent notamment sur ses services (offerts d\u00e8s maintenant!) et ses avantages.<\/span><span data-ccp-props=\"{&quot;134233279&quot;:true,&quot;201341983&quot;:0,&quot;335551550&quot;:6,&quot;335551620&quot;:6,&quot;335559740&quot;:240}\">\u00a0<\/span><\/p><p><a href=\"https:\/\/fnii.ca\/wp-content\/uploads\/2025\/01\/FNII-20-Lessons-Learned-FR.pdf\"><span data-contrast=\"auto\">20 le\u00e7ons tir\u00e9es de la phase de d\u00e9veloppement de l\u2019IIPN<\/span><span data-ccp-props=\"{&quot;134233279&quot;:true,&quot;201341983&quot;:0,&quot;335551550&quot;:6,&quot;335551620&quot;:6,&quot;335559740&quot;:240}\">\u00a0<\/span><\/a><\/p><p><span data-contrast=\"auto\">D\u00e9crit les principaux enseignements tir\u00e9s des \u00e9changes que l\u2019Institut a entretenus (de 2017 \u00e0 2023) avec des centaines de dirigeants, de gestionnaires et d\u2019employ\u00e9s charg\u00e9s de d\u00e9velopper les infrastructures des Premi\u00e8res Nations. Ces interactions visaient \u00e0 d\u00e9finir les besoins des Premi\u00e8res\u202fNations en mati\u00e8re d\u2019infrastructure.<\/span><span data-ccp-props=\"{&quot;134233279&quot;:true,&quot;201341983&quot;:0,&quot;335551550&quot;:6,&quot;335551620&quot;:6,&quot;335559740&quot;:240}\">\u00a0<\/span><\/p><h4>OUTILS<\/h4><ol><li><a href=\"https:\/\/fnii.ca\/wp-content\/uploads\/2025\/01\/2024.11.27-FNII-Business-Case-Template-V2-FR.pdf\">Mod\u00e8le d\u2019analyse de rentabilisation<\/a>\u202f\u2013 Expose les \u00e9l\u00e9ments n\u00e9cessaires \u00e0 la r\u00e9alisation d\u2019une analyse de rentabilisation fond\u00e9e sur les pratiques exemplaires pour un projet d\u2019infrastructure, et englobant des analyses strat\u00e9gique, technique, commerciale, financi\u00e8re et de gestion.\u00a0<\/li><li><a href=\"https:\/\/fnii.ca\/wp-content\/uploads\/2025\/01\/2024.11.27-Project-Charter-Drafting-Tool-FR.pdf\">Outil de r\u00e9daction de la charte de projet<\/a>\u202f\u2013 Pr\u00e9sente les \u00e9l\u00e9ments n\u00e9cessaires \u00e0 la r\u00e9daction d\u2019une charte de projet, bref document d\u00e9crivant le plan qui favorise l\u2019avancement d\u2019un projet d\u2019infrastructure. Les objectifs, les groupes-cl\u00e9s, la gouvernance, les r\u00f4les et les responsabilit\u00e9s, le cadre \u00e9thique et les communications figurent parmi les sujets trait\u00e9s.\u00a0<\/li><li><a href=\"https:\/\/fnii.ca\/wp-content\/uploads\/2025\/01\/FNII-Procurement-Models-Backgrounder_November-2024-FR.pdf\">Introduction aux mod\u00e8les d\u2019approvisionnement<\/a>\u202f\u2013 D\u00e9finit l\u2019approvisionnement, en plus de d\u00e9crire les avantages et les inconv\u00e9nients des diff\u00e9rentes options de mod\u00e8le d\u2019ex\u00e9cution de projet.\u00a0<\/li><li><a href=\"https:\/\/fnii.ca\/wp-content\/uploads\/2025\/01\/2024.11.27-FNII-Approach-to-Infrastructure-Cost-Sharing-FR.pdf\">Outil d\u2019explication du partage des co\u00fbts<\/a>\u202f\u2013 D\u00e9crit une m\u00e9thode juste et \u00e9quitable de recouvrement des co\u00fbts li\u00e9s \u00e0 un projet d\u2019infrastructure autochtone. Inclut l\u2019identification des utilisateurs (ou b\u00e9n\u00e9ficiaires) pour les co\u00fbts li\u00e9s \u00e0 la construction et au cycle de vie d\u2019un projet.\u00a0<\/li><\/ol><h4><span data-contrast=\"auto\">BALADOS<\/span><span data-ccp-props=\"{&quot;134233279&quot;:true,&quot;201341983&quot;:0,&quot;335551550&quot;:6,&quot;335551620&quot;:6,&quot;335559740&quot;:240}\">\u00a0<\/span><\/h4><p><span data-contrast=\"auto\">\u00c9coutez ces entrevues avec les administrateurs, le personnel technique et les clients de l\u2019IIPN. Elles ont trait \u00e0 l\u2019importance des d\u00e9marches accomplies par les Premi\u00e8res Nations en mati\u00e8re d\u2019infrastructure, ainsi qu\u2019aux retomb\u00e9es des infrastructures sur le d\u00e9veloppement \u00e9conomique et communautaire.\u00a0<\/span><\/p><p><a href=\"https:\/\/youtu.be\/rf6Ok4x7g5o\">Regardez nos balados.\u00a0<\/a><\/p>\t\t\t\t\t\t\t\t<\/div>\n\t\t\t\t<\/div>\n\t\t\t\t\t<\/div>\n\t\t<\/div>\n\t\t\t\t\t<\/div>\n\t\t<\/section>\n\t\t\t\t<\/div>\n\t\t","protected":false},"excerpt":{"rendered":"<p>INTRODUCTION \u00c0 FNII Introduction \u00e0 l\u2019IIPN\u00a0 D\u00e9crit la mission, la d\u00e9marche et les processus de l\u2019Institut.\u00a0 Note d&rsquo;information Fournit les motifs justifiant la cr\u00e9ation de l\u2019Institut des infrastructures des Premi\u00e8res\u202fNations, quatri\u00e8me institution issue de la Loi sur la gestion financi\u00e8re des premi\u00e8res nations. D\u00e9crit les fonctions, les outils et les services offerts par l\u2019IIPN pour [&hellip;]<\/p>\n","protected":false},"author":6,"featured_media":0,"parent":0,"menu_order":0,"comment_status":"open","ping_status":"open","template":"","meta":{"_acf_changed":false,"footnotes":""},"class_list":["post-919","page","type-page","status-publish","hentry"],"acf":[],"_links":{"self":[{"href":"https:\/\/fnii.ca\/fr\/wp-json\/wp\/v2\/pages\/919","targetHints":{"allow":["GET"]}}],"collection":[{"href":"https:\/\/fnii.ca\/fr\/wp-json\/wp\/v2\/pages"}],"about":[{"href":"https:\/\/fnii.ca\/fr\/wp-json\/wp\/v2\/types\/page"}],"author":[{"embeddable":true,"href":"https:\/\/fnii.ca\/fr\/wp-json\/wp\/v2\/users\/6"}],"replies":[{"embeddable":true,"href":"https:\/\/fnii.ca\/fr\/wp-json\/wp\/v2\/comments?post=919"}],"version-history":[{"count":66,"href":"https:\/\/fnii.ca\/fr\/wp-json\/wp\/v2\/pages\/919\/revisions"}],"predecessor-version":[{"id":2825,"href":"https:\/\/fnii.ca\/fr\/wp-json\/wp\/v2\/pages\/919\/revisions\/2825"}],"wp:attachment":[{"href":"https:\/\/fnii.ca\/fr\/wp-json\/wp\/v2\/media?parent=919"}],"curies":[{"name":"wp","href":"https:\/\/api.w.org\/{rel}","templated":true}]}}