{"id":909,"date":"2022-06-03T05:35:42","date_gmt":"2022-06-03T09:35:42","guid":{"rendered":"https:\/\/fnii.ca\/?page_id=909"},"modified":"2025-01-08T18:11:16","modified_gmt":"2025-01-08T23:11:16","slug":"comment-fonctionnera-liipn","status":"publish","type":"page","link":"https:\/\/fnii.ca\/fr\/comment-fonctionnera-liipn\/","title":{"rendered":"Comment fonctionnera l&rsquo;IIPN?"},"content":{"rendered":"\t\t<div data-elementor-type=\"wp-page\" data-elementor-id=\"909\" class=\"elementor elementor-909 elementor-392\" data-elementor-post-type=\"page\">\n\t\t\t\t\t\t<section class=\"elementor-section elementor-top-section elementor-element elementor-element-61890732 elementor-section-boxed elementor-section-height-default elementor-section-height-default\" data-id=\"61890732\" data-element_type=\"section\" data-e-type=\"section\" data-settings=\"{&quot;jet_parallax_layout_list&quot;:[]}\">\n\t\t\t\t\t\t<div class=\"elementor-container elementor-column-gap-default\">\n\t\t\t\t\t<div class=\"elementor-column elementor-col-100 elementor-top-column elementor-element elementor-element-7ba8b269\" data-id=\"7ba8b269\" data-element_type=\"column\" data-e-type=\"column\">\n\t\t\t<div class=\"elementor-widget-wrap elementor-element-populated\">\n\t\t\t\t\t\t<div class=\"elementor-element elementor-element-2523b860 elementor-widget elementor-widget-text-editor\" data-id=\"2523b860\" data-element_type=\"widget\" data-e-type=\"widget\" data-widget_type=\"text-editor.default\">\n\t\t\t\t<div class=\"elementor-widget-container\">\n\t\t\t\t\t\t\t\t\t<p><strong>Le recours \u00e0 l&rsquo;IIPN sera facultatif.<\/strong><\/p><p>L&rsquo;IIPN travaillera avec les Premi\u00e8res Nations participantes et\/ou les organisations autochtones afin de mettre sur pied une \u00e9quipe de projet, de d\u00e9velopper les capacit\u00e9s et d&rsquo;assurer la r\u00e9alisation des projets. Il se peut que certaines communaut\u00e9s voudront beaucoup d&rsquo;appui et d&rsquo;autres tr\u00e8s peu. L&rsquo;approche de l&rsquo;IIPN se veut souple et adapt\u00e9e \u00e0 la capacit\u00e9 actuelle de la communaut\u00e9.<\/p><p><img fetchpriority=\"high\" decoding=\"async\" class=\"alignnone wp-image-1162 size-full\" src=\"https:\/\/fnii.ca\/wp-content\/uploads\/2022\/07\/Travailler_ensemble.png\" alt=\"\" width=\"1024\" height=\"578\" srcset=\"https:\/\/fnii.ca\/wp-content\/uploads\/2022\/07\/Travailler_ensemble.png 1024w, https:\/\/fnii.ca\/wp-content\/uploads\/2022\/07\/Travailler_ensemble-300x169.png 300w, https:\/\/fnii.ca\/wp-content\/uploads\/2022\/07\/Travailler_ensemble-768x434.png 768w\" sizes=\"(max-width: 1024px) 100vw, 1024px\" \/><\/p><figure><\/figure><p><b>Un partenariat avec l\u2019IIPN laisse entendre aux bailleurs de fonds et au march\u00e9 que le projet est pr\u00eat \u00e0 d\u00e9marrer.<\/b><\/p><p>Optimiser un projet en fonction des normes de l\u2019IIPN en mati\u00e8re de planification, d\u2019approvisionnement et de r\u00e9alisation peut signifier que :<\/p><ul><li>le projet concorde avec les objectifs et les priorit\u00e9s de la communaut\u00e9;<\/li><li>des estimations raisonnables des co\u00fbts ont \u00e9t\u00e9 \u00e9tablies gr\u00e2ce \u00e0 une analyse technique ad\u00e9quate;<\/li><li>il existe une analyse de la fa\u00e7on dont les co\u00fbts peuvent \u00eatre r\u00e9cup\u00e9r\u00e9s (y compris les outils de financement au titre de la LGFPN);<\/li><li>une approche d\u2019approvisionnement efficace a \u00e9t\u00e9 consid\u00e9r\u00e9e pour le projet;<\/li><li>les risques li\u00e9s au projet ont \u00e9t\u00e9 d\u00e9termin\u00e9s et attribu\u00e9s \u00e0 la partie la mieux apte \u00e0 les g\u00e9rer;<\/li><li>un processus de mise en \u0153uvre rigoureux a \u00e9t\u00e9 \u00e9labor\u00e9, r\u00e9v\u00e9lant un processus transparent et \u00e9quitable pour la s\u00e9lection du soumissionnaire pr\u00e9f\u00e9r\u00e9.<\/li><\/ul><p><img decoding=\"async\" class=\"wp-image-1167 size-full aligncenter\" src=\"https:\/\/fnii.ca\/wp-content\/uploads\/2022\/07\/Processus_IIPN.png\" alt=\"\" width=\"767\" height=\"397\" srcset=\"https:\/\/fnii.ca\/wp-content\/uploads\/2022\/07\/Processus_IIPN.png 767w, https:\/\/fnii.ca\/wp-content\/uploads\/2022\/07\/Processus_IIPN-300x155.png 300w\" sizes=\"(max-width: 767px) 100vw, 767px\" \/><\/p><figure><\/figure><p><b>Les Premi\u00e8res Nations et les organisations autochtones qui ont recours aux services de l\u2019IIPN en tireront plusieurs avantages.<\/b><\/p><ul><li><strong>Rapport qualit\u00e9-prix <\/strong>&#8211; Le processus pourrait donner lieu \u00e0 des projets d\u2019infrastructure de qualit\u00e9 sup\u00e9rieure par rapport aux fonds investis. Les entreprises feraient de leur mieux pour soumissionner sur des projets certifi\u00e9s par l\u2019IIPN parce qu\u2019elles sauraient qu\u2019une analyse de rentabilisation a \u00e9t\u00e9 r\u00e9alis\u00e9e et qu\u2019il y aura un processus d\u2019approvisionnement \u00e9quitable et transparent.<\/li><li><strong>Plus rapide<\/strong> &#8211; Les outils de l\u2019IIPN servant \u00e0 appuyer les capacit\u00e9s \u2013 notamment les mod\u00e8les, les \u00e9chantillons et les ateliers \u2013 am\u00e9lioreront les d\u00e9lais d\u2019\u00e9laboration du projet et r\u00e9duiront le nombre de projets qui stagnent \u00e0 l\u2019\u00e9tape de la planification.<\/li><li><strong>Durabilit\u00e9 accrue<\/strong> \u2013 Les infrastructures seront vraisemblablement bien plus aptes \u00e0 fonctionner \u00e0 pleine capacit\u00e9 pendant toute leur dur\u00e9e de vie utile.<\/li><li><strong>Mon\u00e9tisation<\/strong> \u2013 La fonction d\u2019examen et de certification de l\u2019IIPN devrait offrir la confiance qu\u2019un projet sera r\u00e9alis\u00e9 et ad\u00e9quatement maintenu pendant son cycle de vie entier. Cela favorisera la mon\u00e9tisation des paiements de transferts.<\/li><li><strong>Assurance<\/strong> \u2013 La r\u00e9alisation et l\u2019entretien des infrastructures selon les normes \u00e9tablies et en conformit\u00e9 avec les pratiques exemplaires devraient offrir la confiance requise pour que les compagnies d\u2019assurance offrent une meilleure couverture moyennant des primes moins \u00e9lev\u00e9es.<\/li><li><strong>Financement du fonctionnement et de l&rsquo;entretien<\/strong> \u2013 La certification du fonctionnement et de l\u2019entretien et des plans de gestion des infrastructures ainsi que le soutien continu offert pour mettre en \u0153uvre les plans et prot\u00e9ger la durabilit\u00e9 des infrastructures devraient permettre d\u2019am\u00e9liorer l\u2019efficacit\u00e9 du financement f\u00e9d\u00e9ral du fonctionnement et de l\u2019entretien. Cela pourrait comprendre l\u2019assurance que les activit\u00e9s p\u00e9riodiques de remise en \u00e9tat des infrastructures, en sus des activit\u00e9s r\u00e9guli\u00e8res de fonctionnement et d\u2019entretien, seront effectu\u00e9es et ad\u00e9quatement financ\u00e9es.<\/li><\/ul>\t\t\t\t\t\t\t\t<\/div>\n\t\t\t\t<\/div>\n\t\t\t\t\t<\/div>\n\t\t<\/div>\n\t\t\t\t\t<\/div>\n\t\t<\/section>\n\t\t\t\t<\/div>\n\t\t","protected":false},"excerpt":{"rendered":"<p>Le recours \u00e0 l&rsquo;IIPN sera facultatif. L&rsquo;IIPN travaillera avec les Premi\u00e8res Nations participantes et\/ou les organisations autochtones afin de mettre sur pied une \u00e9quipe de projet, de d\u00e9velopper les capacit\u00e9s et d&rsquo;assurer la r\u00e9alisation des projets. Il se peut que certaines communaut\u00e9s voudront beaucoup d&rsquo;appui et d&rsquo;autres tr\u00e8s peu. L&rsquo;approche de l&rsquo;IIPN se veut souple [&hellip;]<\/p>\n","protected":false},"author":6,"featured_media":0,"parent":0,"menu_order":0,"comment_status":"open","ping_status":"open","template":"","meta":{"_acf_changed":false,"footnotes":""},"class_list":["post-909","page","type-page","status-publish","hentry"],"acf":[],"_links":{"self":[{"href":"https:\/\/fnii.ca\/fr\/wp-json\/wp\/v2\/pages\/909","targetHints":{"allow":["GET"]}}],"collection":[{"href":"https:\/\/fnii.ca\/fr\/wp-json\/wp\/v2\/pages"}],"about":[{"href":"https:\/\/fnii.ca\/fr\/wp-json\/wp\/v2\/types\/page"}],"author":[{"embeddable":true,"href":"https:\/\/fnii.ca\/fr\/wp-json\/wp\/v2\/users\/6"}],"replies":[{"embeddable":true,"href":"https:\/\/fnii.ca\/fr\/wp-json\/wp\/v2\/comments?post=909"}],"version-history":[{"count":29,"href":"https:\/\/fnii.ca\/fr\/wp-json\/wp\/v2\/pages\/909\/revisions"}],"predecessor-version":[{"id":1367,"href":"https:\/\/fnii.ca\/fr\/wp-json\/wp\/v2\/pages\/909\/revisions\/1367"}],"wp:attachment":[{"href":"https:\/\/fnii.ca\/fr\/wp-json\/wp\/v2\/media?parent=909"}],"curies":[{"name":"wp","href":"https:\/\/api.w.org\/{rel}","templated":true}]}}