{"id":882,"date":"2022-01-05T19:33:41","date_gmt":"2022-01-06T00:33:41","guid":{"rendered":"https:\/\/fnii.ca\/meet-the-fnii-team\/"},"modified":"2025-01-10T15:05:35","modified_gmt":"2025-01-10T20:05:35","slug":"equipe-iipn","status":"publish","type":"page","link":"https:\/\/fnii.ca\/fr\/equipe-iipn\/","title":{"rendered":"Notre \u00e9quipe"},"content":{"rendered":"\t\t<div data-elementor-type=\"wp-page\" data-elementor-id=\"882\" class=\"elementor elementor-882 elementor-291\" data-elementor-post-type=\"page\">\n\t\t\t\t\t\t<section class=\"elementor-section elementor-top-section elementor-element elementor-element-1a9eeb7b elementor-section-boxed elementor-section-height-default elementor-section-height-default\" data-id=\"1a9eeb7b\" data-element_type=\"section\" data-e-type=\"section\" data-settings=\"{&quot;jet_parallax_layout_list&quot;:[]}\">\n\t\t\t\t\t\t<div class=\"elementor-container elementor-column-gap-default\">\n\t\t\t\t\t<div class=\"elementor-column elementor-col-100 elementor-top-column elementor-element elementor-element-cdaff66\" data-id=\"cdaff66\" data-element_type=\"column\" data-e-type=\"column\">\n\t\t\t<div class=\"elementor-widget-wrap elementor-element-populated\">\n\t\t\t\t\t\t<div class=\"elementor-element elementor-element-4005f715 elementor-widget elementor-widget-text-editor\" data-id=\"4005f715\" data-element_type=\"widget\" data-e-type=\"widget\" data-widget_type=\"text-editor.default\">\n\t\t\t\t<div class=\"elementor-widget-container\">\n\t\t\t\t\t\t\t\t\t<p><span lang=\"FR\">L\u2019IIPN sera g\u00e9r\u00e9e par un conseil d&rsquo;administration compos\u00e9 de dix administrateurs, dont un pr\u00e9sident et un vice-pr\u00e9sident. Le vice-pr\u00e9sident sera \u00e9lu parmi les administrateurs. Les candidats int\u00e9ress\u00e9s peuvent postuler en cliquant sur les liens suivants.<\/span><\/p><p><a href=\"https:\/\/bcpgec.njoyn.com\/cl3\/xweb\/xweb.asp?NTKN=c&amp;page=jobdetails&amp;clid=52106&amp;JobId=J1124-1199&amp;BRID=&amp;BPAC=&amp;lang=2\"><span lang=\"FR\">L\u2019IIPN \u2013 Pr\u00e9sident<\/span><\/a><\/p><p><a href=\"https:\/\/bcpgec.njoyn.com\/cl3\/xweb\/xweb.asp?NTKN=c&amp;page=JobDetails&amp;clid=52106&amp;JobId=J1124-1200&amp;BRID=299534&amp;BPAC=&amp;lang=2\"><span lang=\"FR\">L\u2019IIPN \u2013 Administrateur<\/span><\/a><\/p><p><span lang=\"FR\">Des informations suppl\u00e9mentaires sur les opportunit\u00e9s et sur la mani\u00e8re de postuler sont disponibles sur <a href=\"https:\/\/www.canada.ca\/fr\/conseil-prive\/sujets\/nominations\/gouverneur-conseil.html\">le site Web des nominations par le gouverneur en consei<\/a><a href=\"https:\/\/www.canada.ca\/fr\/conseil-prive\/sujets\/nominations\/gouverneur-conseil.html\">l<\/a> du gouvernement du Canada.<\/span><\/p><p>Le Conseil de d\u00e9veloppement a \u00e9tabli six principes directeurs pour guider la conception de l&rsquo;IIPN.<\/p>\t\t\t\t\t\t\t\t<\/div>\n\t\t\t\t<\/div>\n\t\t\t\t\t<\/div>\n\t\t<\/div>\n\t\t\t\t\t<\/div>\n\t\t<\/section>\n\t\t\t\t<\/div>\n\t\t","protected":false},"excerpt":{"rendered":"<p>L\u2019IIPN sera g\u00e9r\u00e9e par un conseil d&rsquo;administration compos\u00e9 de dix administrateurs, dont un pr\u00e9sident et un vice-pr\u00e9sident. Le vice-pr\u00e9sident sera \u00e9lu parmi les administrateurs. Les candidats int\u00e9ress\u00e9s peuvent postuler en cliquant sur les liens suivants. L\u2019IIPN \u2013 Pr\u00e9sident L\u2019IIPN \u2013 Administrateur Des informations suppl\u00e9mentaires sur les opportunit\u00e9s et sur la mani\u00e8re de postuler sont disponibles [&hellip;]<\/p>\n","protected":false},"author":1,"featured_media":0,"parent":0,"menu_order":0,"comment_status":"closed","ping_status":"closed","template":"","meta":{"_acf_changed":false,"footnotes":""},"class_list":["post-882","page","type-page","status-publish","hentry"],"acf":[],"_links":{"self":[{"href":"https:\/\/fnii.ca\/fr\/wp-json\/wp\/v2\/pages\/882","targetHints":{"allow":["GET"]}}],"collection":[{"href":"https:\/\/fnii.ca\/fr\/wp-json\/wp\/v2\/pages"}],"about":[{"href":"https:\/\/fnii.ca\/fr\/wp-json\/wp\/v2\/types\/page"}],"author":[{"embeddable":true,"href":"https:\/\/fnii.ca\/fr\/wp-json\/wp\/v2\/users\/1"}],"replies":[{"embeddable":true,"href":"https:\/\/fnii.ca\/fr\/wp-json\/wp\/v2\/comments?post=882"}],"version-history":[{"count":19,"href":"https:\/\/fnii.ca\/fr\/wp-json\/wp\/v2\/pages\/882\/revisions"}],"predecessor-version":[{"id":2548,"href":"https:\/\/fnii.ca\/fr\/wp-json\/wp\/v2\/pages\/882\/revisions\/2548"}],"wp:attachment":[{"href":"https:\/\/fnii.ca\/fr\/wp-json\/wp\/v2\/media?parent=882"}],"curies":[{"name":"wp","href":"https:\/\/api.w.org\/{rel}","templated":true}]}}