{"id":2918,"date":"2025-09-22T10:05:36","date_gmt":"2025-09-22T14:05:36","guid":{"rendered":"https:\/\/fnii.ca\/our-webinars\/"},"modified":"2025-09-22T10:30:08","modified_gmt":"2025-09-22T14:30:08","slug":"webinaires","status":"publish","type":"page","link":"https:\/\/fnii.ca\/fr\/webinaires\/","title":{"rendered":"Webinaires"},"content":{"rendered":"\t\t<div data-elementor-type=\"wp-page\" data-elementor-id=\"2918\" class=\"elementor elementor-2918 elementor-2903\" data-elementor-post-type=\"page\">\n\t\t\t\t\t\t<section class=\"elementor-section elementor-top-section elementor-element elementor-element-90f112f elementor-section-boxed elementor-section-height-default elementor-section-height-default\" data-id=\"90f112f\" data-element_type=\"section\" data-e-type=\"section\" data-settings=\"{&quot;jet_parallax_layout_list&quot;:[]}\">\n\t\t\t\t\t\t<div class=\"elementor-container elementor-column-gap-default\">\n\t\t\t\t\t<div class=\"elementor-column elementor-col-100 elementor-top-column elementor-element elementor-element-ae87592\" data-id=\"ae87592\" data-element_type=\"column\" data-e-type=\"column\">\n\t\t\t<div class=\"elementor-widget-wrap elementor-element-populated\">\n\t\t\t\t\t\t<div class=\"elementor-element elementor-element-a68d997 elementor-widget elementor-widget-text-editor\" data-id=\"a68d997\" data-element_type=\"widget\" data-e-type=\"widget\" data-widget_type=\"text-editor.default\">\n\t\t\t\t<div class=\"elementor-widget-container\">\n\t\t\t\t\t\t\t\t\t<p>En f\u00e9vrier et mars 2021, l\u2019Institut des infrastructures des Premi\u00e8res Nations (IIPN) a offert une s\u00e9rie de cinq webinaires gratuits visant \u00e0 aider les communaut\u00e9s autochtones \u00e0 planifier, am\u00e9nager et entretenir leur infrastructure. Dans cette s\u00e9rie, des membres du Conseil de d\u00e9veloppement et des membres de l\u2019\u00e9quipe technique de l\u2019IIPN et des invit\u00e9s abordent divers sujets concernant les projets, comme le traitement de l\u2019eau potable et des eaux us\u00e9es, les b\u00e2timents multifonctionnels, le d\u00e9veloppement \u00e9conomique et la construction sur les terres lou\u00e9es \u00e0 bail.<\/p>\t\t\t\t\t\t\t\t<\/div>\n\t\t\t\t<\/div>\n\t\t\t\t\t<\/div>\n\t\t<\/div>\n\t\t\t\t\t<\/div>\n\t\t<\/section>\n\t\t\t\t<section class=\"elementor-section elementor-top-section elementor-element elementor-element-80b691a elementor-section-boxed elementor-section-height-default elementor-section-height-default\" data-id=\"80b691a\" data-element_type=\"section\" data-e-type=\"section\" data-settings=\"{&quot;jet_parallax_layout_list&quot;:[]}\">\n\t\t\t\t\t\t<div class=\"elementor-container elementor-column-gap-default\">\n\t\t\t\t\t<div class=\"elementor-column elementor-col-100 elementor-top-column elementor-element elementor-element-8ec00d5\" data-id=\"8ec00d5\" data-element_type=\"column\" data-e-type=\"column\">\n\t\t\t<div class=\"elementor-widget-wrap elementor-element-populated\">\n\t\t\t\t\t\t<div class=\"elementor-element elementor-element-24e48b2 elementor-widget elementor-widget-jet-listing-grid\" data-id=\"24e48b2\" data-element_type=\"widget\" data-e-type=\"widget\" data-settings=\"{&quot;columns&quot;:&quot;1&quot;}\" data-widget_type=\"jet-listing-grid.default\">\n\t\t\t\t<div class=\"elementor-widget-container\">\n\t\t\t\t\t<div class=\"jet-listing-grid jet-listing\"><div class=\"jet-listing-grid__items grid-col-desk-1 grid-col-tablet-1 grid-col-mobile-1 jet-listing-grid--2906\" data-queried-id=\"2918|WP_Post\" data-nav=\"{&quot;enabled&quot;:false,&quot;type&quot;:null,&quot;more_el&quot;:null,&quot;query&quot;:[],&quot;widget_settings&quot;:{&quot;lisitng_id&quot;:2906,&quot;posts_num&quot;:6,&quot;columns&quot;:1,&quot;columns_tablet&quot;:1,&quot;columns_mobile&quot;:1,&quot;column_min_width&quot;:240,&quot;column_min_width_tablet&quot;:240,&quot;column_min_width_mobile&quot;:240,&quot;inline_columns_css&quot;:false,&quot;is_archive_template&quot;:&quot;&quot;,&quot;post_status&quot;:[&quot;publish&quot;],&quot;use_random_posts_num&quot;:&quot;&quot;,&quot;max_posts_num&quot;:9,&quot;not_found_message&quot;:&quot;No data was found&quot;,&quot;is_masonry&quot;:false,&quot;equal_columns_height&quot;:&quot;&quot;,&quot;use_load_more&quot;:&quot;&quot;,&quot;load_more_id&quot;:&quot;&quot;,&quot;load_more_type&quot;:&quot;click&quot;,&quot;load_more_offset&quot;:{&quot;unit&quot;:&quot;px&quot;,&quot;size&quot;:0,&quot;sizes&quot;:[]},&quot;use_custom_post_types&quot;:&quot;&quot;,&quot;custom_post_types&quot;:[],&quot;hide_widget_if&quot;:&quot;&quot;,&quot;carousel_enabled&quot;:&quot;&quot;,&quot;slides_to_scroll&quot;:&quot;1&quot;,&quot;arrows&quot;:&quot;true&quot;,&quot;arrow_icon&quot;:&quot;fa fa-angle-left&quot;,&quot;dots&quot;:&quot;&quot;,&quot;autoplay&quot;:&quot;true&quot;,&quot;pause_on_hover&quot;:&quot;true&quot;,&quot;autoplay_speed&quot;:5000,&quot;infinite&quot;:&quot;true&quot;,&quot;center_mode&quot;:&quot;&quot;,&quot;effect&quot;:&quot;slide&quot;,&quot;speed&quot;:500,&quot;inject_alternative_items&quot;:&quot;&quot;,&quot;injection_items&quot;:[],&quot;scroll_slider_enabled&quot;:&quot;&quot;,&quot;scroll_slider_on&quot;:[&quot;desktop&quot;,&quot;tablet&quot;,&quot;mobile&quot;],&quot;custom_query&quot;:false,&quot;custom_query_id&quot;:&quot;&quot;,&quot;_element_id&quot;:&quot;&quot;,&quot;collapse_first_last_gap&quot;:false,&quot;list_tag_selection&quot;:&quot;&quot;,&quot;list_items_wrapper_tag&quot;:&quot;div&quot;,&quot;list_item_tag&quot;:&quot;div&quot;,&quot;empty_items_wrapper_tag&quot;:&quot;div&quot;}}\" data-page=\"1\" data-pages=\"1\" data-listing-source=\"posts\" data-listing-id=\"2906\" data-query-id=\"\"><style>.elementor-2906 .elementor-element.elementor-element-a768a1f .elementor-repeater-item-97ac906.jet-parallax-section__layout .jet-parallax-section__image{background-size:auto;}.elementor-2906 .elementor-element.elementor-element-028f3a9 > .elementor-widget-wrap > .elementor-widget:not(.elementor-widget__width-auto):not(.elementor-widget__width-initial):not(:last-child):not(.elementor-absolute){margin-block-end:0px;}.elementor-2906 .elementor-element.elementor-element-028f3a9 > .elementor-element-populated{margin:0px 0px 030px 0px;--e-column-margin-right:0px;--e-column-margin-left:0px;padding:0px 0px 0px 0px;}.elementor-2906 .elementor-element.elementor-element-5be7712 .elementor-heading-title{font-family:var( --e-global-typography-73cee12-font-family ), Sans-serif;font-size:var( --e-global-typography-73cee12-font-size );font-weight:var( --e-global-typography-73cee12-font-weight );text-transform:var( --e-global-typography-73cee12-text-transform );line-height:var( --e-global-typography-73cee12-line-height );letter-spacing:var( --e-global-typography-73cee12-letter-spacing );word-spacing:var( --e-global-typography-73cee12-word-spacing );}.elementor-2906 .elementor-element.elementor-element-4a3e5a9 .elementor-heading-title{color:var( --e-global-color-577e0c7 );}.elementor-2906 .elementor-element.elementor-element-4306243 .jet-listing-dynamic-field__content{color:var( --e-global-color-defd6a2 );font-family:var( --e-global-typography-5619465-font-family ), Sans-serif;font-size:var( --e-global-typography-5619465-font-size );font-weight:var( --e-global-typography-5619465-font-weight );line-height:var( --e-global-typography-5619465-line-height );letter-spacing:var( --e-global-typography-5619465-letter-spacing );word-spacing:var( --e-global-typography-5619465-word-spacing );text-align:left;}.elementor-2906 .elementor-element.elementor-element-4306243 .jet-listing-dynamic-field .jet-listing-dynamic-field__inline-wrap{width:auto;}.elementor-2906 .elementor-element.elementor-element-4306243 .jet-listing-dynamic-field .jet-listing-dynamic-field__content{width:auto;}.elementor-2906 .elementor-element.elementor-element-4306243 .jet-listing-dynamic-field{justify-content:flex-start;}.elementor-2906 .elementor-element.elementor-element-4306243{width:auto;max-width:auto;}.elementor-2906 .elementor-element.elementor-element-28b327c .jet-listing-dynamic-field__content{color:var( --e-global-color-defd6a2 );font-family:var( --e-global-typography-5619465-font-family ), Sans-serif;font-size:var( --e-global-typography-5619465-font-size );font-weight:var( --e-global-typography-5619465-font-weight );line-height:var( --e-global-typography-5619465-line-height );letter-spacing:var( --e-global-typography-5619465-letter-spacing );word-spacing:var( --e-global-typography-5619465-word-spacing );text-align:left;}.elementor-2906 .elementor-element.elementor-element-28b327c .jet-listing-dynamic-field .jet-listing-dynamic-field__inline-wrap{width:auto;}.elementor-2906 .elementor-element.elementor-element-28b327c .jet-listing-dynamic-field .jet-listing-dynamic-field__content{width:auto;}.elementor-2906 .elementor-element.elementor-element-28b327c .jet-listing-dynamic-field{justify-content:flex-start;}.elementor-2906 .elementor-element.elementor-element-28b327c{width:auto;max-width:auto;}.elementor-2906 .elementor-element.elementor-element-fcfb0f1 .jet-listing-dynamic-field__content{color:var( --e-global-color-defd6a2 );font-family:var( --e-global-typography-5619465-font-family ), Sans-serif;font-size:var( --e-global-typography-5619465-font-size );font-weight:var( --e-global-typography-5619465-font-weight );line-height:var( --e-global-typography-5619465-line-height );letter-spacing:var( --e-global-typography-5619465-letter-spacing );word-spacing:var( --e-global-typography-5619465-word-spacing );text-align:left;}.elementor-2906 .elementor-element.elementor-element-fcfb0f1 .jet-listing-dynamic-field .jet-listing-dynamic-field__inline-wrap{width:auto;}.elementor-2906 .elementor-element.elementor-element-fcfb0f1 .jet-listing-dynamic-field .jet-listing-dynamic-field__content{width:auto;}.elementor-2906 .elementor-element.elementor-element-fcfb0f1 .jet-listing-dynamic-field{justify-content:flex-start;}.elementor-2906 .elementor-element.elementor-element-fcfb0f1{width:auto;max-width:auto;}.elementor-2906 .elementor-element.elementor-element-a768a1f{margin-top:0px;margin-bottom:20px;}.elementor-2906 .elementor-element.elementor-element-f9d162a .elementor-wrapper{--video-aspect-ratio:1.77777;}@media(max-width:1024px){.elementor-2906 .elementor-element.elementor-element-5be7712 .elementor-heading-title{font-size:var( --e-global-typography-73cee12-font-size );line-height:var( --e-global-typography-73cee12-line-height );letter-spacing:var( --e-global-typography-73cee12-letter-spacing );word-spacing:var( --e-global-typography-73cee12-word-spacing );}.elementor-2906 .elementor-element.elementor-element-4306243 .jet-listing-dynamic-field__content{font-size:var( --e-global-typography-5619465-font-size );line-height:var( --e-global-typography-5619465-line-height );letter-spacing:var( --e-global-typography-5619465-letter-spacing );word-spacing:var( --e-global-typography-5619465-word-spacing );}.elementor-2906 .elementor-element.elementor-element-28b327c .jet-listing-dynamic-field__content{font-size:var( --e-global-typography-5619465-font-size );line-height:var( --e-global-typography-5619465-line-height );letter-spacing:var( --e-global-typography-5619465-letter-spacing );word-spacing:var( --e-global-typography-5619465-word-spacing );}.elementor-2906 .elementor-element.elementor-element-fcfb0f1 .jet-listing-dynamic-field__content{font-size:var( --e-global-typography-5619465-font-size );line-height:var( --e-global-typography-5619465-line-height );letter-spacing:var( --e-global-typography-5619465-letter-spacing );word-spacing:var( --e-global-typography-5619465-word-spacing );}}@media(max-width:767px){.elementor-2906 .elementor-element.elementor-element-5be7712 .elementor-heading-title{font-size:var( --e-global-typography-73cee12-font-size );line-height:var( --e-global-typography-73cee12-line-height );letter-spacing:var( --e-global-typography-73cee12-letter-spacing );word-spacing:var( --e-global-typography-73cee12-word-spacing );}.elementor-2906 .elementor-element.elementor-element-4306243 .jet-listing-dynamic-field__content{font-size:var( --e-global-typography-5619465-font-size );line-height:var( --e-global-typography-5619465-line-height );letter-spacing:var( --e-global-typography-5619465-letter-spacing );word-spacing:var( --e-global-typography-5619465-word-spacing );}.elementor-2906 .elementor-element.elementor-element-28b327c .jet-listing-dynamic-field__content{font-size:var( --e-global-typography-5619465-font-size );line-height:var( --e-global-typography-5619465-line-height );letter-spacing:var( --e-global-typography-5619465-letter-spacing );word-spacing:var( --e-global-typography-5619465-word-spacing );}.elementor-2906 .elementor-element.elementor-element-fcfb0f1 .jet-listing-dynamic-field__content{font-size:var( --e-global-typography-5619465-font-size );line-height:var( --e-global-typography-5619465-line-height );letter-spacing:var( --e-global-typography-5619465-letter-spacing );word-spacing:var( --e-global-typography-5619465-word-spacing );}}<\/style><div class=\"jet-listing-grid__item jet-listing-dynamic-post-1106\" data-post-id=\"1106\"  >\t\t<div data-elementor-type=\"jet-listing-items\" data-elementor-id=\"2906\" class=\"elementor elementor-2906\" data-elementor-post-type=\"jet-engine\">\n\t\t\t\t\t\t<section class=\"elementor-section elementor-top-section elementor-element elementor-element-a768a1f elementor-section-boxed elementor-section-height-default elementor-section-height-default\" data-id=\"a768a1f\" data-element_type=\"section\" data-e-type=\"section\" data-settings=\"{&quot;jet_parallax_layout_list&quot;:[{&quot;jet_parallax_layout_image&quot;:{&quot;url&quot;:&quot;&quot;,&quot;id&quot;:&quot;&quot;,&quot;size&quot;:&quot;&quot;},&quot;_id&quot;:&quot;97ac906&quot;,&quot;jet_parallax_layout_image_tablet&quot;:{&quot;url&quot;:&quot;&quot;,&quot;id&quot;:&quot;&quot;,&quot;size&quot;:&quot;&quot;},&quot;jet_parallax_layout_image_mobile&quot;:{&quot;url&quot;:&quot;&quot;,&quot;id&quot;:&quot;&quot;,&quot;size&quot;:&quot;&quot;},&quot;jet_parallax_layout_speed&quot;:{&quot;unit&quot;:&quot;%&quot;,&quot;size&quot;:50,&quot;sizes&quot;:[]},&quot;jet_parallax_layout_type&quot;:&quot;scroll&quot;,&quot;jet_parallax_layout_direction&quot;:&quot;1&quot;,&quot;jet_parallax_layout_fx_direction&quot;:null,&quot;jet_parallax_layout_z_index&quot;:&quot;&quot;,&quot;jet_parallax_layout_bg_x&quot;:50,&quot;jet_parallax_layout_bg_x_tablet&quot;:&quot;&quot;,&quot;jet_parallax_layout_bg_x_mobile&quot;:&quot;&quot;,&quot;jet_parallax_layout_bg_y&quot;:50,&quot;jet_parallax_layout_bg_y_tablet&quot;:&quot;&quot;,&quot;jet_parallax_layout_bg_y_mobile&quot;:&quot;&quot;,&quot;jet_parallax_layout_bg_size&quot;:&quot;auto&quot;,&quot;jet_parallax_layout_bg_size_tablet&quot;:&quot;&quot;,&quot;jet_parallax_layout_bg_size_mobile&quot;:&quot;&quot;,&quot;jet_parallax_layout_animation_prop&quot;:&quot;transform&quot;,&quot;jet_parallax_layout_on&quot;:[&quot;desktop&quot;,&quot;tablet&quot;]}]}\">\n\t\t\t\t\t\t<div class=\"elementor-container elementor-column-gap-default\">\n\t\t\t\t\t<div class=\"elementor-column elementor-col-100 elementor-top-column elementor-element elementor-element-028f3a9\" data-id=\"028f3a9\" data-element_type=\"column\" data-e-type=\"column\">\n\t\t\t<div class=\"elementor-widget-wrap elementor-element-populated\">\n\t\t\t\t\t\t<div class=\"elementor-element elementor-element-5be7712 elementor-widget elementor-widget-heading\" data-id=\"5be7712\" data-element_type=\"widget\" data-e-type=\"widget\" data-widget_type=\"heading.default\">\n\t\t\t\t<div class=\"elementor-widget-container\">\n\t\t\t\t\t<div class=\"elementor-heading-title elementor-size-default\">Webinar #1<\/div>\t\t\t\t<\/div>\n\t\t\t\t<\/div>\n\t\t\t\t<div class=\"elementor-element elementor-element-4a3e5a9 elementor-widget elementor-widget-heading\" data-id=\"4a3e5a9\" data-element_type=\"widget\" data-e-type=\"widget\" data-widget_type=\"heading.default\">\n\t\t\t\t<div class=\"elementor-widget-container\">\n\t\t\t\t\t<h4 class=\"elementor-heading-title elementor-size-default\">Webinaire : La planification de l\u2019analyse de rentabilisation d\u2019un projet d\u2019infrastructure<\/h4>\t\t\t\t<\/div>\n\t\t\t\t<\/div>\n\t\t\t\t<div class=\"elementor-element elementor-element-4306243 elementor-widget__width-auto elementor-widget elementor-widget-jet-listing-dynamic-field\" data-id=\"4306243\" data-element_type=\"widget\" data-e-type=\"widget\" data-widget_type=\"jet-listing-dynamic-field.default\">\n\t\t\t\t<div class=\"elementor-widget-container\">\n\t\t\t\t\t<div class=\"jet-listing jet-listing-dynamic-field display-inline\"><div class=\"jet-listing-dynamic-field__inline-wrap\"><div class=\"jet-listing-dynamic-field__content\" ><\/div><\/div><\/div>\t\t\t\t<\/div>\n\t\t\t\t<\/div>\n\t\t\t\t<div class=\"elementor-element elementor-element-28b327c elementor-widget__width-auto elementor-widget elementor-widget-jet-listing-dynamic-field\" data-id=\"28b327c\" data-element_type=\"widget\" data-e-type=\"widget\" data-widget_type=\"jet-listing-dynamic-field.default\">\n\t\t\t\t<div class=\"elementor-widget-container\">\n\t\t\t\t\t<div class=\"jet-listing jet-listing-dynamic-field display-inline\"><div class=\"jet-listing-dynamic-field__inline-wrap\"><div class=\"jet-listing-dynamic-field__content\" >&nbsp;&nbsp;|&nbsp;&nbsp;<\/div><\/div><\/div>\t\t\t\t<\/div>\n\t\t\t\t<\/div>\n\t\t\t\t<div class=\"elementor-element elementor-element-fcfb0f1 elementor-widget__width-auto elementor-widget elementor-widget-jet-listing-dynamic-field\" data-id=\"fcfb0f1\" data-element_type=\"widget\" data-e-type=\"widget\" data-widget_type=\"jet-listing-dynamic-field.default\">\n\t\t\t\t<div class=\"elementor-widget-container\">\n\t\t\t\t\t<div class=\"jet-listing jet-listing-dynamic-field display-inline\"><div class=\"jet-listing-dynamic-field__inline-wrap\"><div class=\"jet-listing-dynamic-field__content\" >&nbsp;-  PST<\/div><\/div><\/div>\t\t\t\t<\/div>\n\t\t\t\t<\/div>\n\t\t\t\t\t<\/div>\n\t\t<\/div>\n\t\t\t\t\t<\/div>\n\t\t<\/section>\n\t\t\t\t<section class=\"elementor-section elementor-top-section elementor-element elementor-element-800569b elementor-section-boxed elementor-section-height-default elementor-section-height-default\" data-id=\"800569b\" data-element_type=\"section\" data-e-type=\"section\" data-settings=\"{&quot;jet_parallax_layout_list&quot;:[]}\">\n\t\t\t\t\t\t<div class=\"elementor-container elementor-column-gap-default\">\n\t\t\t\t\t<div class=\"elementor-column elementor-col-100 elementor-top-column elementor-element elementor-element-9a59e1d\" data-id=\"9a59e1d\" data-element_type=\"column\" data-e-type=\"column\">\n\t\t\t<div class=\"elementor-widget-wrap elementor-element-populated\">\n\t\t\t\t\t\t<div class=\"elementor-element elementor-element-f9d162a elementor-widget elementor-widget-video\" data-id=\"f9d162a\" data-element_type=\"widget\" data-e-type=\"widget\" data-settings=\"{&quot;youtube_url&quot;:&quot;https:\\\/\\\/www.youtube.com\\\/watch?v=rf6Ok4x7g5o&quot;,&quot;lazy_load&quot;:&quot;yes&quot;,&quot;video_type&quot;:&quot;youtube&quot;,&quot;controls&quot;:&quot;yes&quot;}\" data-widget_type=\"video.default\">\n\t\t\t\t<div class=\"elementor-widget-container\">\n\t\t\t\t\t\t\t<div class=\"elementor-wrapper elementor-open-inline\">\n\t\t\t<div class=\"elementor-video\"><\/div>\t\t<\/div>\n\t\t\t\t\t\t<\/div>\n\t\t\t\t<\/div>\n\t\t\t\t\t<\/div>\n\t\t<\/div>\n\t\t\t\t\t<\/div>\n\t\t<\/section>\n\t\t\t\t<\/div>\n\t\t<\/div><\/div><\/div>\t\t\t\t<\/div>\n\t\t\t\t<\/div>\n\t\t\t\t\t<\/div>\n\t\t<\/div>\n\t\t\t\t\t<\/div>\n\t\t<\/section>\n\t\t\t\t<\/div>\n\t\t","protected":false},"excerpt":{"rendered":"<p>En f\u00e9vrier et mars 2021, l\u2019Institut des infrastructures des Premi\u00e8res Nations (IIPN) a offert une s\u00e9rie de cinq webinaires gratuits visant \u00e0 aider les communaut\u00e9s autochtones \u00e0 planifier, am\u00e9nager et entretenir leur infrastructure. Dans cette s\u00e9rie, des membres du Conseil de d\u00e9veloppement et des membres de l\u2019\u00e9quipe technique de l\u2019IIPN et des invit\u00e9s abordent divers [&hellip;]<\/p>\n","protected":false},"author":7,"featured_media":0,"parent":0,"menu_order":0,"comment_status":"closed","ping_status":"closed","template":"","meta":{"_acf_changed":false,"footnotes":""},"class_list":["post-2918","page","type-page","status-publish","hentry"],"acf":[],"_links":{"self":[{"href":"https:\/\/fnii.ca\/fr\/wp-json\/wp\/v2\/pages\/2918","targetHints":{"allow":["GET"]}}],"collection":[{"href":"https:\/\/fnii.ca\/fr\/wp-json\/wp\/v2\/pages"}],"about":[{"href":"https:\/\/fnii.ca\/fr\/wp-json\/wp\/v2\/types\/page"}],"author":[{"embeddable":true,"href":"https:\/\/fnii.ca\/fr\/wp-json\/wp\/v2\/users\/7"}],"replies":[{"embeddable":true,"href":"https:\/\/fnii.ca\/fr\/wp-json\/wp\/v2\/comments?post=2918"}],"version-history":[{"count":13,"href":"https:\/\/fnii.ca\/fr\/wp-json\/wp\/v2\/pages\/2918\/revisions"}],"predecessor-version":[{"id":2931,"href":"https:\/\/fnii.ca\/fr\/wp-json\/wp\/v2\/pages\/2918\/revisions\/2931"}],"wp:attachment":[{"href":"https:\/\/fnii.ca\/fr\/wp-json\/wp\/v2\/media?parent=2918"}],"curies":[{"name":"wp","href":"https:\/\/api.w.org\/{rel}","templated":true}]}}