{"id":1211,"date":"2022-08-08T15:59:06","date_gmt":"2022-08-08T19:59:06","guid":{"rendered":"https:\/\/fnii.ca\/?page_id=1211"},"modified":"2022-08-08T16:33:26","modified_gmt":"2022-08-08T20:33:26","slug":"avis-de-confidentialite-dans-les-sites-web","status":"publish","type":"page","link":"https:\/\/fnii.ca\/fr\/avis-de-confidentialite-dans-les-sites-web\/","title":{"rendered":"Avis de confidentialit\u00e9 dans les sites Web"},"content":{"rendered":"\t\t<div data-elementor-type=\"wp-page\" data-elementor-id=\"1211\" class=\"elementor elementor-1211\" data-elementor-post-type=\"page\">\n\t\t\t\t\t\t<section class=\"elementor-section elementor-top-section elementor-element elementor-element-4424e86 elementor-section-boxed elementor-section-height-default elementor-section-height-default\" data-id=\"4424e86\" data-element_type=\"section\" data-e-type=\"section\" data-settings=\"{&quot;jet_parallax_layout_list&quot;:[]}\">\n\t\t\t\t\t\t<div class=\"elementor-container elementor-column-gap-default\">\n\t\t\t\t\t<div class=\"elementor-column elementor-col-100 elementor-top-column elementor-element elementor-element-d4056ef\" data-id=\"d4056ef\" data-element_type=\"column\" data-e-type=\"column\">\n\t\t\t<div class=\"elementor-widget-wrap elementor-element-populated\">\n\t\t\t\t\t\t<div class=\"elementor-element elementor-element-5b218d5 elementor-widget elementor-widget-spacer\" data-id=\"5b218d5\" data-element_type=\"widget\" data-e-type=\"widget\" data-widget_type=\"spacer.default\">\n\t\t\t\t<div class=\"elementor-widget-container\">\n\t\t\t\t\t\t\t<div class=\"elementor-spacer\">\n\t\t\t<div class=\"elementor-spacer-inner\"><\/div>\n\t\t<\/div>\n\t\t\t\t\t\t<\/div>\n\t\t\t\t<\/div>\n\t\t\t\t\t<\/div>\n\t\t<\/div>\n\t\t\t\t\t<\/div>\n\t\t<\/section>\n\t\t\t\t<section class=\"elementor-section elementor-top-section elementor-element elementor-element-751b9c8 elementor-section-boxed elementor-section-height-default elementor-section-height-default\" data-id=\"751b9c8\" data-element_type=\"section\" data-e-type=\"section\" data-settings=\"{&quot;jet_parallax_layout_list&quot;:[]}\">\n\t\t\t\t\t\t<div class=\"elementor-container elementor-column-gap-default\">\n\t\t\t\t\t<div class=\"elementor-column elementor-col-100 elementor-top-column elementor-element elementor-element-d79f87f\" data-id=\"d79f87f\" data-element_type=\"column\" data-e-type=\"column\">\n\t\t\t<div class=\"elementor-widget-wrap elementor-element-populated\">\n\t\t\t\t\t\t<div class=\"elementor-element elementor-element-d8cec92 elementor-widget elementor-widget-heading\" data-id=\"d8cec92\" data-element_type=\"widget\" data-e-type=\"widget\" data-widget_type=\"heading.default\">\n\t\t\t\t<div class=\"elementor-widget-container\">\n\t\t\t\t\t<h2 class=\"elementor-heading-title elementor-size-default\">Avis de confidentialit\u00e9 dans les sites Web<\/h2>\t\t\t\t<\/div>\n\t\t\t\t<\/div>\n\t\t\t\t\t<\/div>\n\t\t<\/div>\n\t\t\t\t\t<\/div>\n\t\t<\/section>\n\t\t\t\t<section class=\"elementor-section elementor-top-section elementor-element elementor-element-46ed230 elementor-section-boxed elementor-section-height-default elementor-section-height-default\" data-id=\"46ed230\" data-element_type=\"section\" data-e-type=\"section\" data-settings=\"{&quot;jet_parallax_layout_list&quot;:[]}\">\n\t\t\t\t\t\t<div class=\"elementor-container elementor-column-gap-default\">\n\t\t\t\t\t<div class=\"elementor-column elementor-col-100 elementor-top-column elementor-element elementor-element-70d73a3\" data-id=\"70d73a3\" data-element_type=\"column\" data-e-type=\"column\">\n\t\t\t<div class=\"elementor-widget-wrap elementor-element-populated\">\n\t\t\t\t\t\t<div class=\"elementor-element elementor-element-6fc472b elementor-widget-divider--view-line elementor-widget elementor-widget-divider\" data-id=\"6fc472b\" data-element_type=\"widget\" data-e-type=\"widget\" data-widget_type=\"divider.default\">\n\t\t\t\t<div class=\"elementor-widget-container\">\n\t\t\t\t\t\t\t<div class=\"elementor-divider\">\n\t\t\t<span class=\"elementor-divider-separator\">\n\t\t\t\t\t\t<\/span>\n\t\t<\/div>\n\t\t\t\t\t\t<\/div>\n\t\t\t\t<\/div>\n\t\t\t\t\t<\/div>\n\t\t<\/div>\n\t\t\t\t\t<\/div>\n\t\t<\/section>\n\t\t\t\t<section class=\"elementor-section elementor-top-section elementor-element elementor-element-d7ac45f elementor-section-boxed elementor-section-height-default elementor-section-height-default\" data-id=\"d7ac45f\" data-element_type=\"section\" data-e-type=\"section\" data-settings=\"{&quot;jet_parallax_layout_list&quot;:[]}\">\n\t\t\t\t\t\t<div class=\"elementor-container elementor-column-gap-default\">\n\t\t\t\t\t<div class=\"elementor-column elementor-col-100 elementor-top-column elementor-element elementor-element-f6b483c\" data-id=\"f6b483c\" data-element_type=\"column\" data-e-type=\"column\">\n\t\t\t<div class=\"elementor-widget-wrap elementor-element-populated\">\n\t\t\t\t\t\t<div class=\"elementor-element elementor-element-4a8c366 elementor-widget elementor-widget-text-editor\" data-id=\"4a8c366\" data-element_type=\"widget\" data-e-type=\"widget\" data-widget_type=\"text-editor.default\">\n\t\t\t\t<div class=\"elementor-widget-container\">\n\t\t\t\t\t\t\t\t\t<p>Un Avis de confidentialit\u00e9 est obligatoire pour toutes les institutions f\u00e9d\u00e9rales vis\u00e9es par la\u00a0<a href=\"https:\/\/laws-lois.justice.gc.ca\/fra\/lois\/P-21\/index.html\" target=\"_blank\" rel=\"noopener noreferrer\">Norme sur la protection de la vie priv\u00e9e et le Web analytique,<\/a>\u00a0\u00e9mise par le pr\u00e9sident du Conseil du Tr\u00e9sor.<\/p><h4 data-fontsize=\"22\" data-lineheight=\"22\">Avis de confidentialit\u00e9 de la Commission<\/h4><p>La Commission de la fiscalit\u00e9 des premi\u00e8res nations (\u00ab Commission \u00bb) poss\u00e8de et exploite <a href=\"https:\/\/fntc.ca\/fr\/\">fntc.ca<\/a>, <a href=\"https:\/\/fng.ca\/fr\/\">fng.ca<\/a>, <a href=\"https:\/\/fnii.ca\/fr\/\">fnii.ca<\/a> et <a href=\"https:\/\/ilti.ca\/fr\/accueil\/\">ilti.ca<\/a> (collectivement appel\u00e9s \u00ab sites Web de la Commission \u00bb). La Commission s\u2019engage \u00e0 offrir des sites Web qui respectent la confidentialit\u00e9 des visiteurs. L\u2019avis de confidentialit\u00e9 r\u00e9sume les pratiques de protection des renseignements personnels pour les activit\u00e9s en ligne de la Commission.<\/p><p>Tous les renseignements personnels recueillis par cette institution sont gouvern\u00e9s par la\u00a0<a href=\"https:\/\/laws-lois.justice.gc.ca\/fra\/lois\/P-21\/index.html\" target=\"_blank\" rel=\"noopener noreferrer\">Loi sur la protection des renseignements personnels.<\/a>\u00a0Cela signifie que vous serez avis\u00e9 de la raison pour laquelle vos renseignements personnels sont recueillis et de la fa\u00e7on d\u2019exercer vos droits d\u2019acc\u00e8s \u00e0 l\u2019information.<\/p><h4 data-fontsize=\"22\" data-lineheight=\"22\">Votre confidentialit\u00e9 et Internet<\/h4><p>La nature d\u2019Internet est telle que les serveurs recueillent automatiquement certaines informations concernant la visite d\u2019un site Web, y compris l\u2019adresse du protocole Internet (IP). L\u2019adresse IP consiste en une s\u00e9rie de num\u00e9ros unique accord\u00e9 par les fournisseurs de services Internet (FSI) \u00e0 tous les appareils utilis\u00e9s pour acc\u00e9der \u00e0 Internet. Les serveurs Web enregistrent automatiquement les adresses IP des visiteurs. Cette adresse, en soit, ne permet pas d\u2019identifier une personne. Par contre, dans certaines circonstances, comme avec la coop\u00e9ration d\u2019un FSI par exemple, elle peut \u00eatre utilis\u00e9e pour identifier une personne qui visite ce site. Pour cette raison, La Commission juge que l\u2019adresse IP est un renseignement personnel, surtout, lorsqu\u2019il est accompagn\u00e9 d\u2019autres donn\u00e9es qui sont recueillies automatiquement lorsqu\u2019un visiteur demande une page Web, comme la page consult\u00e9e, la date et l\u2019heure de la visite.<\/p><p>\u00c0 moins d\u2019avis contraire, la Commission ne recueille pas automatiquement d\u2019information pr\u00e9cise \u00e0 votre sujet, tel que votre nom, num\u00e9ro de t\u00e9l\u00e9phone ou adresse de courriel. La Commission peut obtenir ce genre d\u2019information uniquement si vous la fournissez, par exemple, dans un courriel ou en remplissant un formulaire en ligne.<\/p><p>Lorsque les services sont fournis par des organisations de l\u2019ext\u00e9rieur de la Commission, comme les plateformes de m\u00e9dias sociaux ou les applications mobiles, les adresses IP peuvent \u00eatre enregistr\u00e9es par un serveur Web du tiers fournisseur de services.<\/p><h4 data-fontsize=\"22\" data-lineheight=\"22\">Communiquer avec la Commission<\/h4><p>Si vous choisissez d\u2019envoyer un courriel \u00e0 la Commission ou remplissez un formulaire de r\u00e9troaction en ligne, vos renseignements personnels sont utilis\u00e9s par la Commission pour r\u00e9pondre \u00e0 votre demande. Les renseignements personnels que vous fournissez ne seront partag\u00e9s avec une autre institution gouvernementale que si votre demande porte sur cette institution. La Commission n\u2019utilise pas ces renseignements personnels pour cr\u00e9er des profils individuels et ne peut pas les divulguer, sauf aux autres institutions qui sont concern\u00e9es par cette demande. Toute divulgation de vos renseignements personnels doit se faire en vertu de la\u00a0<em>Loi sur la protection des renseignements personnels.<\/em><\/p><p>Les courriels et autres m\u00e9thodes \u00e9lectroniques utilis\u00e9es pour communiquer avec la Commission ne sont pas s\u00e9curitaires, \u00e0 moins qu\u2019il ne soit pr\u00e9cis\u00e9 autrement dans la page Web. Il est donc recommand\u00e9\u00a0<strong>de ne pas<\/strong>\u00a0transmettre des renseignements personnels sensibles, comme votre num\u00e9ro d\u2019assurance sociale ou votre date de naissance, par l\u2019entremise d\u2019une voie \u00e9lectronique non s\u00e9curis\u00e9e<\/p><h5 data-fontsize=\"26\" data-lineheight=\"31\">Am\u00e9liorer votre exp\u00e9rience dans les sites Web de la Commission<\/h5><h4 data-fontsize=\"22\" data-lineheight=\"22\">Marqueurs num\u00e9riques (y compris les t\u00e9moins)<\/h4><p>Un marqueur num\u00e9rique est une ressource cr\u00e9\u00e9e par le navigateur du visiteur afin de retenir certains renseignements auxquels peut faire r\u00e9f\u00e9rence le serveur Web dans le cadre de la m\u00eame visite ou de visites subs\u00e9quentes. Les t\u00e9moins et les sp\u00e9cifications de stockage Web HTML5 sont des exemples de marqueurs num\u00e9riques. Voici quelques exemples de ce que font les marqueurs num\u00e9riques :<\/p><ul class=\"list-square policy\"><li>Ils permettent \u00e0 un site Web de reconna\u00eetre la derni\u00e8re visite de l\u2019utilisateur chaque fois qu\u2019il visite le site.<\/li><li>Ils tiennent compte de l\u2019information consult\u00e9e dans le site afin de permettre aux administrateurs \u00e0 s\u2019assurer d\u2019une recherche plus efficace pour les visiteurs.<\/li><\/ul><p>La Commission se sert de marqueurs num\u00e9riques de session \u00e0 certains endroits dans son site Web. Pendant votre visite en ligne, votre navigateur \u00e9change des donn\u00e9es avec le serveur Web de la Commission. Les marqueurs num\u00e9riques ne permettent pas \u00e0 la Commission d\u2019identifier les utilisateurs.<\/p><p>Vous pouvez ajuster les param\u00e8tres de votre navigateur de sorte \u00e0 rejeter les marqueurs num\u00e9riques, y compris les t\u00e9moins. Toutefois, ceci pourrait avoir une incidence sur votre capacit\u00e9 d\u2019interagir avec le site Web de la Commission.<\/p><h4 data-fontsize=\"22\" data-lineheight=\"22\">Le Web analytique<\/h4><p>Le Web analytique consiste en la collecte, l\u2019analyse, la mesure et la pr\u00e9sentation de donn\u00e9es sur l\u2019achalandage d\u2019un site Internet et sur les visites, dans le but de comprendre et d\u2019optimiser l\u2019utilisation du Web. Les renseignements recueillis par les marqueurs num\u00e9riques peuvent \u00eatre utilis\u00e9s dans le cadre du Web analytique pour garder en m\u00e9moire vos interactions avec les sites Web de la Commission.<\/p><p>La Commission se sert de SmarterStats (un logiciel d\u2019analyse de journal du serveur) et Google Analytics pour am\u00e9liorer ses sites Web. Lorsque votre ordinateur demande d\u2019avoir acc\u00e8s \u00e0 la page Web de la Commission, notre institution recueille les renseignements suivants aux fins du Web analytique :<\/p><ul class=\"list-square policy\"><li>l\u2019adresse IP d\u2019origine;<\/li><li>la date et l\u2019heure de la demande;<\/li><li>le type de navigateur utilis\u00e9;<\/li><li>la(les) page(s) visit\u00e9e(s).<\/li><\/ul><p>Le site Web fntc.ca : La Commission se sert de SmarterStats (un logiciel d\u2019analyse de journal du serveur) \u00e0 l\u2019interne et conserve les donn\u00e9es recueillies aux fins du Web analytique pendant une p\u00e9riode maximale de 18 mois. Apr\u00e8s cette p\u00e9riode, les renseignements doivent \u00eatre \u00e9limin\u00e9s conform\u00e9ment \u00e0 la\u00a0<em>Norme sur la protection de la vie priv\u00e9e et le Web analytique<\/em>\u00a0et tel qu\u2019autoris\u00e9 par le biblioth\u00e9caire et archiviste du Canada. L\u2019information n\u2019est pas transmise \u00e0 un fournisseur de services externe.<\/p><p>Les sites Web fnpo.ca et fng.ca : La Commission se sert de Google Analytics\u00ae et les donn\u00e9es recueillies sont transmises \u00e0 Google Inc., un fournisseur de services externe. Votre adresse IP est d\u00e9personnalis\u00e9e avant d\u2019\u00eatre stock\u00e9e sur le serveur du fournisseur de services pour veiller \u00e0 la protection de vos renseignements personnels. Les donn\u00e9es recueillies sont d\u00e9personnalis\u00e9es de la fa\u00e7on suivante : La fonctionnalit\u00e9 d\u2019anonymisation IP de Google Analytics attribue la valeur 0 au dernier octet des adresses IPv4 des visiteurs et aux 80 derniers bits des adresses IPv6 dans la m\u00e9moire, peu apr\u00e8s leur envoi vers le r\u00e9seau de collecte de Google Analytics. Dans ce cas, l\u2019adresse IP compl\u00e8te n\u2019est jamais \u00e9crite sur le disque.<\/p><p>Les donn\u00e9es recueillies aux fins du Web analytique sont transmises aux \u00c9tats-Unis et peuvent \u00eatre assujetties \u00e0 la loi en vigueur dans ce pays, par exemple, la\u00a0<a href=\"https:\/\/www.fincen.gov\/statutes_regs\/patriot\/\" target=\"_blank\" rel=\"noopener noreferrer\">Patriot Act des \u00c9tats-Unis (en anglais seulement)<\/a>\u00a0et les lois de l\u2019\u00c9tat de la Californie.<\/p><p>Les donn\u00e9es utilis\u00e9es aux fins du Web analytique sont recueillies conform\u00e9ment \u00e0 la\u00a0<a href=\"https:\/\/laws.justice.gc.ca\/fra\/lois\/F-11.67\/\" target=\"_blank\" rel=\"noopener noreferrer\"><em>Loi sur la gestion financi\u00e8re des premi\u00e8res nations.<\/em><\/a>\u00a0De telles donn\u00e9es peuvent \u00eatre utilis\u00e9es pour \u00e9tablir des statistiques sur les communications et les technologies d\u2019information, ainsi qu\u2019\u00e0 des fins d\u2019\u00e9valuation, de recherche, de planification et d\u2019\u00e9tablissement de rapports. Pour obtenir de plus amples renseignements sur la fa\u00e7on dont vos renseignements personnels sont prot\u00e9g\u00e9s dans le cadre du Web analytique, veuillez consulter la\u00a0<a href=\"https:\/\/www.tbs-sct.gc.ca\/pol\/doc-fra.aspx?id=26761\" target=\"_blank\" rel=\"noopener noreferrer\"><em>Norme sur la protection de la vie priv\u00e9e et le Web analytique.<\/em><\/a><\/p><h4 data-fontsize=\"22\" data-lineheight=\"22\">Veiller \u00e0 la s\u00e9curit\u00e9 des sites Web de la Commission<\/h4><p>La Commission utilise des logiciels pour suivre l\u2019achalandage du r\u00e9seau et pour rep\u00e9rer les essais non autoris\u00e9s de t\u00e9l\u00e9chargement ou de modification de renseignements ou encore les tentatives d\u2019acc\u00e8s visant \u00e0 causer des dommages. Le logiciel re\u00e7oit et enregistre l\u2019adresse IP de l\u2019ordinateur qui a communiqu\u00e9 avec un site Web de la Commission, la date et l\u2019heure de la visite et les pages consult\u00e9es. Nous ne tentons pas d\u2019\u00e9tablir de lien entre ces adresses et l\u2019identit\u00e9 des utilisateurs qui consultent un site Web de la Commission \u00e0 moins d\u2019avoir d\u00e9tect\u00e9 une tentative de dommage \u00e0 un site Web de la Commission.<\/p><h4 data-fontsize=\"22\" data-lineheight=\"22\">Pour en apprendre davantage sur ces pratiques<\/h4><p>Si vous avez des questions, des commentaires, des pr\u00e9occupations ou des plaintes concernant l\u2019administration de la\u00a0<em>Loi sur la protection des renseignements personnels<\/em>\u00a0ou sur les politiques sur la protection de la vie priv\u00e9e relatives \u00e0 la pr\u00e9sence Web de la Commission, vous pouvez communiquer avec notre coordonnateur de l\u2019acc\u00e8s \u00e0 l\u2019information et de la protection des renseignements personnels par courriel, par t\u00e9l\u00e9phone ou par \u00e9crit. Voici nos coordonn\u00e9es :<\/p><p><strong>Coordonnateur de l\u2019acc\u00e8s \u00e0 l\u2019information et de la protection des renseignements personnels<br \/>Commission de la fiscalit\u00e9 des premi\u00e8res nations<br \/>345, Chief Alex Thomas Way, bureau 321<br \/>Kamloops (C.-B.) V2H 1H1<\/strong><\/p><p><strong>T\u00e9l\u00e9phone : 1-250-828-9855<br \/>Courriel :\u00a0<a href=\"mailto:bmcgregor@fntc.ca\">bmcgregor@fntc.ca<\/a><\/strong><\/p><p>Si vous n\u2019\u00eates pas satisfaits de la r\u00e9ponse de la Commission \u00e0 votre pr\u00e9occupation concernant la protection de vos renseignements personnels, vous pouvez communiquer avec le\u00a0<a href=\"https:\/\/www.priv.gc.ca\/fr\/\" target=\"_blank\" rel=\"noopener noreferrer\">Commissariat \u00e0 la protection de la vie priv\u00e9e<\/a>\u00a0du Canada par courriel, \u00e0 l\u2019adresse\u00a0<a href=\"mailto:info@priv.gc.ca\">info@priv.gc.ca<\/a>\u00a0ou par t\u00e9l\u00e9phone, en composant le 1-800-282-1376.<\/p><h4 data-fontsize=\"22\" data-lineheight=\"22\">Emploi de fichiers situ\u00e9s sur des serveurs autres que ceux de la Commission<\/h4><p>Afin d\u2019am\u00e9liorer la fonctionnalit\u00e9 de nos sites Web, certains fichiers (tels que les biblioth\u00e8ques \u00e0 code source ouvert, les images et les scripts) peuvent \u00eatre t\u00e9l\u00e9charg\u00e9s automatiquement vers votre navigateur au moyen d\u2019un serveur tiers ou d\u2019un r\u00e9seau de diffusion de contenu. La diffusion de ces fichiers est con\u00e7ue de fa\u00e7on \u00e0 offrir une exp\u00e9rience utilisateur transparente en diminuant les temps de r\u00e9ponse et en \u00e9vitant le t\u00e9l\u00e9chargement de ces fichiers pour chaque visiteur.<\/p><h4 data-fontsize=\"22\" data-lineheight=\"22\">Demandes de renseignements<\/h4><p>Toutes les demandes de renseignements concernant le pr\u00e9sent avis doivent \u00eatre adress\u00e9es \u00e0 :<\/p><p><strong>Commission de la fiscalit\u00e9 des premi\u00e8res nations<br \/>345, Chief Alex Thomas Way, bureau 321<br \/>Kamloops (C.-B.) V2H 1H1<br \/>T\u00e9l\u00e9phone: (250) 828-9857<\/strong><\/p>\t\t\t\t\t\t\t\t<\/div>\n\t\t\t\t<\/div>\n\t\t\t\t\t<\/div>\n\t\t<\/div>\n\t\t\t\t\t<\/div>\n\t\t<\/section>\n\t\t\t\t<\/div>\n\t\t","protected":false},"excerpt":{"rendered":"<p>Avis de confidentialit\u00e9 dans les sites Web Un Avis de confidentialit\u00e9 est obligatoire pour toutes les institutions f\u00e9d\u00e9rales vis\u00e9es par la\u00a0Norme sur la protection de la vie priv\u00e9e et le Web analytique,\u00a0\u00e9mise par le pr\u00e9sident du Conseil du Tr\u00e9sor. Avis de confidentialit\u00e9 de la Commission La Commission de la fiscalit\u00e9 des premi\u00e8res nations (\u00ab Commission [&hellip;]<\/p>\n","protected":false},"author":3,"featured_media":0,"parent":0,"menu_order":0,"comment_status":"closed","ping_status":"closed","template":"elementor_header_footer","meta":{"_acf_changed":false,"footnotes":""},"class_list":["post-1211","page","type-page","status-publish","hentry"],"acf":[],"_links":{"self":[{"href":"https:\/\/fnii.ca\/fr\/wp-json\/wp\/v2\/pages\/1211","targetHints":{"allow":["GET"]}}],"collection":[{"href":"https:\/\/fnii.ca\/fr\/wp-json\/wp\/v2\/pages"}],"about":[{"href":"https:\/\/fnii.ca\/fr\/wp-json\/wp\/v2\/types\/page"}],"author":[{"embeddable":true,"href":"https:\/\/fnii.ca\/fr\/wp-json\/wp\/v2\/users\/3"}],"replies":[{"embeddable":true,"href":"https:\/\/fnii.ca\/fr\/wp-json\/wp\/v2\/comments?post=1211"}],"version-history":[{"count":21,"href":"https:\/\/fnii.ca\/fr\/wp-json\/wp\/v2\/pages\/1211\/revisions"}],"predecessor-version":[{"id":1245,"href":"https:\/\/fnii.ca\/fr\/wp-json\/wp\/v2\/pages\/1211\/revisions\/1245"}],"wp:attachment":[{"href":"https:\/\/fnii.ca\/fr\/wp-json\/wp\/v2\/media?parent=1211"}],"curies":[{"name":"wp","href":"https:\/\/api.w.org\/{rel}","templated":true}]}}