{"id":1078,"date":"2022-02-02T18:20:13","date_gmt":"2022-02-02T23:20:13","guid":{"rendered":"https:\/\/fnii.ca\/fnii-projects\/"},"modified":"2022-07-19T13:20:13","modified_gmt":"2022-07-19T17:20:13","slug":"iipn-projets","status":"publish","type":"page","link":"https:\/\/fnii.ca\/fr\/iipn-projets\/","title":{"rendered":"Quels projets avez-vous planifi\u00e9s?"},"content":{"rendered":"\n<p>L\u2019IIPN peut aider les groupes autochtones \u00e0 \u00e9laborer une analyse de rentabilisation de leur projet. Voici des exemples de projets&nbsp;:<\/p>\n\n\n\n<p><strong>Projets li\u00e9s \u00e0 l&rsquo;eau et aux eaux us\u00e9es <\/strong>: Il peut s\u2019agir des syst\u00e8mes d\u2019approvisionnement, de traitement, de stockage et de distribution d\u2019eau, et des installations de collecte, de traitement et d\u2019\u00e9limination des eaux us\u00e9es et de gestion des biosolides. Les syst\u00e8mes pourront desservir les maisons des membres, les installations communautaires et les activit\u00e9s de d\u00e9veloppement \u00e9conomique, y compris les am\u00e9nagements commerciaux ou les r\u00e9sidents non membres.&nbsp;<\/p>\n\n\n\n<p><strong>B\u00e2timents et installations<\/strong>&nbsp;: Il peut s\u2019agir des locaux destin\u00e9s \u00e0 l\u2019administration du gouvernement des Premi\u00e8res Nations, aux centres de sant\u00e9, aux postes infirmiers, aux centres de traitement, \u00e0 l\u2019\u00e9ducation (\u00e9coles), aux services d\u2019aide \u00e0 l\u2019enfance et \u00e0 la famille, aux loisirs et aux usages culturels.&nbsp;&nbsp;<\/p>\n\n\n\n<p><strong>Projets d&rsquo;am\u00e9lioration du transport<\/strong> :&nbsp;Il peut s\u2019agir d\u2019un \u00e9clairage am\u00e9lior\u00e9 et de la protection des pi\u00e9tons et des utilisateurs de v\u00e9hicules non motoris\u00e9s, ainsi que de l\u2019\u00e9largissement et de la remise en \u00e9tat de la chauss\u00e9e ou de l\u2019installation de structures additionnelles sur les routes existantes. Des dispositifs de gestion des eaux pluviales peuvent aborder les probl\u00e8mes d\u2019\u00e9rosion, d\u2019inondation locale et de dommages aux biens.&nbsp;&nbsp;&nbsp;<\/p>\n\n\n\n<p><strong>Communications et connectivit\u00e9<\/strong>&nbsp;: Il peut s\u2019agir d\u2019un acc\u00e8s accru \u00e0 l\u2019Internet \u00e0 larges bandes. Avec une connectivit\u00e9 am\u00e9lior\u00e9e, il sera possible d\u2019avoir acc\u00e8s \u00e0 de meilleurs soins de sant\u00e9, \u00e0 l\u2019apprentissage en ligne, \u00e0 des programmes de d\u00e9veloppement \u00e9conomique et \u00e0 des possibilit\u00e9s de formation professionnelle.&nbsp;&nbsp;&nbsp;<\/p>\n\n\n\n<p><strong>Projets \u00e9nerg\u00e9tiques communautaires<\/strong>&nbsp;: Ces projets visent \u00e0 r\u00e9duire les gaz \u00e0 effet de serre et favorisent la transition vers l\u2019\u00e9nergie propre. Ils peuvent am\u00e9liorer l\u2019efficacit\u00e9 \u00e9nerg\u00e9tique et la s\u00e9curit\u00e9 \u00e9nerg\u00e9tique. Par exemple, il peut s\u2019agir d\u2019\u00e9nergie solaire, \u00e9olienne, g\u00e9othermique et hydraulique distribu\u00e9e dans toute la communaut\u00e9.&nbsp;&nbsp;<\/p>\n","protected":false},"excerpt":{"rendered":"<p>L\u2019IIPN peut aider les groupes autochtones \u00e0 \u00e9laborer une analyse de rentabilisation de leur projet. Voici des exemples de projets&nbsp;: Projets li\u00e9s \u00e0 l&rsquo;eau et aux eaux us\u00e9es : Il peut s\u2019agir des syst\u00e8mes d\u2019approvisionnement, de traitement, de stockage et de distribution d\u2019eau, et des installations de collecte, de traitement et d\u2019\u00e9limination des eaux us\u00e9es [&hellip;]<\/p>\n","protected":false},"author":1,"featured_media":0,"parent":0,"menu_order":0,"comment_status":"closed","ping_status":"closed","template":"","meta":{"_acf_changed":false,"footnotes":""},"class_list":["post-1078","page","type-page","status-publish","hentry"],"acf":[],"_links":{"self":[{"href":"https:\/\/fnii.ca\/fr\/wp-json\/wp\/v2\/pages\/1078","targetHints":{"allow":["GET"]}}],"collection":[{"href":"https:\/\/fnii.ca\/fr\/wp-json\/wp\/v2\/pages"}],"about":[{"href":"https:\/\/fnii.ca\/fr\/wp-json\/wp\/v2\/types\/page"}],"author":[{"embeddable":true,"href":"https:\/\/fnii.ca\/fr\/wp-json\/wp\/v2\/users\/1"}],"replies":[{"embeddable":true,"href":"https:\/\/fnii.ca\/fr\/wp-json\/wp\/v2\/comments?post=1078"}],"version-history":[{"count":4,"href":"https:\/\/fnii.ca\/fr\/wp-json\/wp\/v2\/pages\/1078\/revisions"}],"predecessor-version":[{"id":1161,"href":"https:\/\/fnii.ca\/fr\/wp-json\/wp\/v2\/pages\/1078\/revisions\/1161"}],"wp:attachment":[{"href":"https:\/\/fnii.ca\/fr\/wp-json\/wp\/v2\/media?parent=1078"}],"curies":[{"name":"wp","href":"https:\/\/api.w.org\/{rel}","templated":true}]}}