{"id":1039,"date":"2022-01-06T01:44:28","date_gmt":"2022-01-06T06:44:28","guid":{"rendered":"https:\/\/fnii.ca\/faq\/"},"modified":"2025-01-08T17:44:34","modified_gmt":"2025-01-08T22:44:34","slug":"faq","status":"publish","type":"page","link":"https:\/\/fnii.ca\/fr\/faq\/","title":{"rendered":"Foire aux questions (FAQ)"},"content":{"rendered":"\t\t<div data-elementor-type=\"wp-page\" data-elementor-id=\"1039\" class=\"elementor elementor-1039 elementor-343\" data-elementor-post-type=\"page\">\n\t\t\t\t\t\t<section class=\"elementor-section elementor-top-section elementor-element elementor-element-669157e elementor-section-boxed elementor-section-height-default elementor-section-height-default\" data-id=\"669157e\" data-element_type=\"section\" data-e-type=\"section\" data-settings=\"{&quot;jet_parallax_layout_list&quot;:[]}\">\n\t\t\t\t\t\t<div class=\"elementor-container elementor-column-gap-default\">\n\t\t\t\t\t<div class=\"elementor-column elementor-col-100 elementor-top-column elementor-element elementor-element-6920cb24\" data-id=\"6920cb24\" data-element_type=\"column\" data-e-type=\"column\">\n\t\t\t<div class=\"elementor-widget-wrap elementor-element-populated\">\n\t\t\t\t\t\t<div class=\"elementor-element elementor-element-1eacb8ad elementor-widget elementor-widget-text-editor\" data-id=\"1eacb8ad\" data-element_type=\"widget\" data-e-type=\"widget\" data-widget_type=\"text-editor.default\">\n\t\t\t\t<div class=\"elementor-widget-container\">\n\t\t\t\t\t\t\t\t\t<p>L\u2019\u00e9tablissement de l\u2019IIPN en tant que quatri\u00e8me institution sous le r\u00e9gime de la LGFPN est en cours depuis 2017. Voici quelques questions fr\u00e9quentes concernant l\u2019IIPN.<\/p>\t\t\t\t\t\t\t\t<\/div>\n\t\t\t\t<\/div>\n\t\t\t\t\t<\/div>\n\t\t<\/div>\n\t\t\t\t\t<\/div>\n\t\t<\/section>\n\t\t\t\t<\/div>\n\t\t","protected":false},"excerpt":{"rendered":"<p>L\u2019\u00e9tablissement de l\u2019IIPN en tant que quatri\u00e8me institution sous le r\u00e9gime de la LGFPN est en cours depuis 2017. Voici quelques questions fr\u00e9quentes concernant l\u2019IIPN.<\/p>\n","protected":false},"author":1,"featured_media":0,"parent":0,"menu_order":0,"comment_status":"closed","ping_status":"closed","template":"","meta":{"_acf_changed":false,"footnotes":""},"class_list":["post-1039","page","type-page","status-publish","hentry"],"acf":[],"_links":{"self":[{"href":"https:\/\/fnii.ca\/fr\/wp-json\/wp\/v2\/pages\/1039","targetHints":{"allow":["GET"]}}],"collection":[{"href":"https:\/\/fnii.ca\/fr\/wp-json\/wp\/v2\/pages"}],"about":[{"href":"https:\/\/fnii.ca\/fr\/wp-json\/wp\/v2\/types\/page"}],"author":[{"embeddable":true,"href":"https:\/\/fnii.ca\/fr\/wp-json\/wp\/v2\/users\/1"}],"replies":[{"embeddable":true,"href":"https:\/\/fnii.ca\/fr\/wp-json\/wp\/v2\/comments?post=1039"}],"version-history":[{"count":25,"href":"https:\/\/fnii.ca\/fr\/wp-json\/wp\/v2\/pages\/1039\/revisions"}],"predecessor-version":[{"id":1356,"href":"https:\/\/fnii.ca\/fr\/wp-json\/wp\/v2\/pages\/1039\/revisions\/1356"}],"wp:attachment":[{"href":"https:\/\/fnii.ca\/fr\/wp-json\/wp\/v2\/media?parent=1039"}],"curies":[{"name":"wp","href":"https:\/\/api.w.org\/{rel}","templated":true}]}}